{"id":145,"date":"2023-02-22T15:59:02","date_gmt":"2023-02-22T14:59:02","guid":{"rendered":"https:\/\/ocpleloroux.fr\/?page_id=145"},"modified":"2025-11-07T12:32:53","modified_gmt":"2025-11-07T11:32:53","slug":"concerts","status":"publish","type":"page","link":"https:\/\/ocpleloroux.fr\/index.php\/concerts\/","title":{"rendered":"Concerts"},"content":{"rendered":"\n<p><\/p>\n\n\n\n<p><strong>Concerts \u00e0 venir : <\/strong><\/p>\n\n\n\n<p>Samedi 13 D\u00e9cembre 2025 &#8211; 18h &#8211; Salle des Nou\u00eblles &#8211; Le landreau<\/p>\n\n\n\n<figure class=\"wp-block-image size-large is-resized\"><img loading=\"lazy\" decoding=\"async\" width=\"745\" height=\"1024\" src=\"https:\/\/ocpleloroux.fr\/wp-content\/uploads\/2025\/11\/OCP_20251213_FLYER-745x1024.jpg\" alt=\"\" class=\"wp-image-319\" style=\"width:268px;height:auto\" srcset=\"https:\/\/ocpleloroux.fr\/wp-content\/uploads\/2025\/11\/OCP_20251213_FLYER-745x1024.jpg 745w, https:\/\/ocpleloroux.fr\/wp-content\/uploads\/2025\/11\/OCP_20251213_FLYER-218x300.jpg 218w, https:\/\/ocpleloroux.fr\/wp-content\/uploads\/2025\/11\/OCP_20251213_FLYER-768x1055.jpg 768w, https:\/\/ocpleloroux.fr\/wp-content\/uploads\/2025\/11\/OCP_20251213_FLYER-1118x1536.jpg 1118w, https:\/\/ocpleloroux.fr\/wp-content\/uploads\/2025\/11\/OCP_20251213_FLYER.jpg 1358w\" sizes=\"auto, (max-width: 745px) 100vw, 745px\" \/><\/figure>\n\n\n\n<p>Samedi 11 avril 2026 &#8211; Conservatoire de Nantes <\/p>\n\n\n\n<p>Dimanche 10 mai 2026<\/p>\n\n\n\n<p><strong>Concerts pass\u00e9s :<\/strong><\/p>\n\n\n\n<p>Samedi 28 juin 2025 &#8211; F\u00eate de la musique &#8211; Loroux-Bottereau <\/p>\n\n\n\n<p>Samedi 7 juin 2025 &#8211; GPN 2025<\/p>\n\n\n\n<figure class=\"wp-block-image size-large is-resized\"><img loading=\"lazy\" decoding=\"async\" width=\"1024\" height=\"768\" src=\"https:\/\/ocpleloroux.fr\/wp-content\/uploads\/2025\/09\/539832903_1577649110289552_6957312502893060671_n-1024x768.jpg\" alt=\"\" class=\"wp-image-312\" style=\"width:382px;height:auto\" srcset=\"https:\/\/ocpleloroux.fr\/wp-content\/uploads\/2025\/09\/539832903_1577649110289552_6957312502893060671_n-1024x768.jpg 1024w, https:\/\/ocpleloroux.fr\/wp-content\/uploads\/2025\/09\/539832903_1577649110289552_6957312502893060671_n-300x225.jpg 300w, https:\/\/ocpleloroux.fr\/wp-content\/uploads\/2025\/09\/539832903_1577649110289552_6957312502893060671_n-768x576.jpg 768w, https:\/\/ocpleloroux.fr\/wp-content\/uploads\/2025\/09\/539832903_1577649110289552_6957312502893060671_n-1536x1152.jpg 1536w, https:\/\/ocpleloroux.fr\/wp-content\/uploads\/2025\/09\/539832903_1577649110289552_6957312502893060671_n.jpg 1600w\" sizes=\"auto, (max-width: 1024px) 100vw, 1024px\" \/><\/figure>\n\n\n\n<p>Dimanch 18 mai 2025 &#8211; GPR 2025<\/p>\n\n\n\n<p>Dimanche 20 avril 2025 &#8211; Concert \u00e0 Belle \u00eele en mer<\/p>\n\n\n\n<p>Dimanche 2 mars 2025 &#8211; Saint Vincent des Landes<\/p>\n\n\n\n<figure class=\"wp-block-image size-large is-resized\"><img loading=\"lazy\" decoding=\"async\" width=\"722\" height=\"1024\" src=\"https:\/\/ocpleloroux.fr\/wp-content\/uploads\/2025\/09\/475909604_122192929976168365_4075903983568691763_n-722x1024.jpg\" alt=\"\" class=\"wp-image-313\" style=\"width:264px;height:auto\" srcset=\"https:\/\/ocpleloroux.fr\/wp-content\/uploads\/2025\/09\/475909604_122192929976168365_4075903983568691763_n-722x1024.jpg 722w, https:\/\/ocpleloroux.fr\/wp-content\/uploads\/2025\/09\/475909604_122192929976168365_4075903983568691763_n-212x300.jpg 212w, https:\/\/ocpleloroux.fr\/wp-content\/uploads\/2025\/09\/475909604_122192929976168365_4075903983568691763_n-768x1089.jpg 768w, https:\/\/ocpleloroux.fr\/wp-content\/uploads\/2025\/09\/475909604_122192929976168365_4075903983568691763_n-1083x1536.jpg 1083w, https:\/\/ocpleloroux.fr\/wp-content\/uploads\/2025\/09\/475909604_122192929976168365_4075903983568691763_n.jpg 1444w\" sizes=\"auto, (max-width: 722px) 100vw, 722px\" \/><\/figure>\n\n\n\n<p><strong>Samedi 1er f\u00e9vrier<\/strong> 2025 &#8211; La Folle Journ\u00e9e de Nantes &#8211; Cit\u00e9 des Congr\u00e8s de Nantes &#8211; 19h15<\/p>\n\n\n\n<figure class=\"wp-block-image size-large is-resized\"><img loading=\"lazy\" decoding=\"async\" width=\"1024\" height=\"683\" src=\"https:\/\/ocpleloroux.fr\/wp-content\/uploads\/2025\/01\/concert-ocp-1024x683.jpg\" alt=\"\" class=\"wp-image-290\" style=\"width:375px;height:auto\" srcset=\"https:\/\/ocpleloroux.fr\/wp-content\/uploads\/2025\/01\/concert-ocp-1024x683.jpg 1024w, https:\/\/ocpleloroux.fr\/wp-content\/uploads\/2025\/01\/concert-ocp-300x200.jpg 300w, https:\/\/ocpleloroux.fr\/wp-content\/uploads\/2025\/01\/concert-ocp-768x512.jpg 768w, https:\/\/ocpleloroux.fr\/wp-content\/uploads\/2025\/01\/concert-ocp-1536x1025.jpg 1536w, https:\/\/ocpleloroux.fr\/wp-content\/uploads\/2025\/01\/concert-ocp.jpg 2048w\" sizes=\"auto, (max-width: 1024px) 100vw, 1024px\" \/><\/figure>\n\n\n\n<p><\/p>\n\n\n\n<p><strong>Jeudi 6 f\u00e9vrier<\/strong> 2025 &#8211; Maison des Arts de Saint Herblain &#8211; Concert avec l&#8217;Orchestre d&#8217;harmonie herblinois &#8211; 20h30<\/p>\n\n\n\n<figure class=\"wp-block-image size-full is-resized\"><img loading=\"lazy\" decoding=\"async\" width=\"960\" height=\"720\" src=\"https:\/\/ocpleloroux.fr\/wp-content\/uploads\/2025\/01\/471134435_936683238444386_2280670197080932071_n.jpg\" alt=\"\" class=\"wp-image-295\" style=\"width:375px;height:auto\" srcset=\"https:\/\/ocpleloroux.fr\/wp-content\/uploads\/2025\/01\/471134435_936683238444386_2280670197080932071_n.jpg 960w, https:\/\/ocpleloroux.fr\/wp-content\/uploads\/2025\/01\/471134435_936683238444386_2280670197080932071_n-300x225.jpg 300w, https:\/\/ocpleloroux.fr\/wp-content\/uploads\/2025\/01\/471134435_936683238444386_2280670197080932071_n-768x576.jpg 768w\" sizes=\"auto, (max-width: 960px) 100vw, 960px\" \/><\/figure>\n\n\n\n<p><\/p>\n\n\n\n<p><strong>Samedi 16 d\u00e9cembre<\/strong> 2023 &#8211; 20H &#8211; Palais des congr\u00e8s du Loroux Bottereau<\/p>\n\n\n\n<figure class=\"wp-block-image size-large is-resized\"><img loading=\"lazy\" decoding=\"async\" width=\"740\" height=\"1024\" src=\"https:\/\/ocpleloroux.fr\/wp-content\/uploads\/2023\/11\/Affiche-740x1024.jpg\" alt=\"\" class=\"wp-image-275\" style=\"width:212px;height:auto\" srcset=\"https:\/\/ocpleloroux.fr\/wp-content\/uploads\/2023\/11\/Affiche-740x1024.jpg 740w, https:\/\/ocpleloroux.fr\/wp-content\/uploads\/2023\/11\/Affiche-217x300.jpg 217w, https:\/\/ocpleloroux.fr\/wp-content\/uploads\/2023\/11\/Affiche-768x1063.jpg 768w, https:\/\/ocpleloroux.fr\/wp-content\/uploads\/2023\/11\/Affiche-1110x1536.jpg 1110w, https:\/\/ocpleloroux.fr\/wp-content\/uploads\/2023\/11\/Affiche-1480x2048.jpg 1480w, https:\/\/ocpleloroux.fr\/wp-content\/uploads\/2023\/11\/Affiche-scaled.jpg 1850w\" sizes=\"auto, (max-width: 740px) 100vw, 740px\" \/><\/figure>\n\n\n\n<p><\/p>\n\n\n\n<p><strong>Dimanche 4 juin<\/strong> 2023 &#8211; 16h &#8211; Salle des Nou\u00eblles au Landreau<\/p>\n\n\n\n<figure class=\"wp-block-image size-medium\"><img loading=\"lazy\" decoding=\"async\" width=\"212\" height=\"300\" src=\"https:\/\/ocpleloroux.fr\/wp-content\/uploads\/2023\/05\/affiche-concert-OCP-4-juin-2023-212x300.jpg\" alt=\"\" class=\"wp-image-257\" srcset=\"https:\/\/ocpleloroux.fr\/wp-content\/uploads\/2023\/05\/affiche-concert-OCP-4-juin-2023-212x300.jpg 212w, https:\/\/ocpleloroux.fr\/wp-content\/uploads\/2023\/05\/affiche-concert-OCP-4-juin-2023.jpg 598w\" sizes=\"auto, (max-width: 212px) 100vw, 212px\" \/><\/figure>\n\n\n\n<p><\/p>\n\n\n\n<p>Folle journ\u00e9e de Nantes &#8211; <strong>Dimanche 5 f\u00e9vrier 2023<\/strong> &#8211; Palais des Congr\u00e8s de Nantes<\/p>\n\n\n\n<figure class=\"wp-block-image size-large is-resized\"><img loading=\"lazy\" decoding=\"async\" width=\"1024\" height=\"807\" src=\"https:\/\/ocpleloroux.fr\/wp-content\/uploads\/2023\/02\/328630738_758159861972893_4085232344056850026_n-1-1024x807.jpg\" alt=\"\" class=\"wp-image-217\" style=\"width:181px;height:142px\" srcset=\"https:\/\/ocpleloroux.fr\/wp-content\/uploads\/2023\/02\/328630738_758159861972893_4085232344056850026_n-1-1024x807.jpg 1024w, https:\/\/ocpleloroux.fr\/wp-content\/uploads\/2023\/02\/328630738_758159861972893_4085232344056850026_n-1-300x236.jpg 300w, https:\/\/ocpleloroux.fr\/wp-content\/uploads\/2023\/02\/328630738_758159861972893_4085232344056850026_n-1-768x605.jpg 768w, https:\/\/ocpleloroux.fr\/wp-content\/uploads\/2023\/02\/328630738_758159861972893_4085232344056850026_n-1.jpg 1233w\" sizes=\"auto, (max-width: 1024px) 100vw, 1024px\" \/><\/figure>\n\n\n\n<p>100 Ans de l&#8217;Avenir &#8211;<strong> 3 et 4 d\u00e9cembre 2022<\/strong> &#8211; Palais des congr\u00e8s du Loroux Bottereau<\/p>\n\n\n\n<figure class=\"wp-block-image size-large is-resized\"><img loading=\"lazy\" decoding=\"async\" width=\"734\" height=\"1024\" src=\"https:\/\/ocpleloroux.fr\/wp-content\/uploads\/2023\/11\/A4-avec-fond-perdu-avec-les-2-dates-734x1024.jpg\" alt=\"\" class=\"wp-image-278\" style=\"width:214px;height:auto\" srcset=\"https:\/\/ocpleloroux.fr\/wp-content\/uploads\/2023\/11\/A4-avec-fond-perdu-avec-les-2-dates-734x1024.jpg 734w, https:\/\/ocpleloroux.fr\/wp-content\/uploads\/2023\/11\/A4-avec-fond-perdu-avec-les-2-dates-215x300.jpg 215w, https:\/\/ocpleloroux.fr\/wp-content\/uploads\/2023\/11\/A4-avec-fond-perdu-avec-les-2-dates-768x1072.jpg 768w, https:\/\/ocpleloroux.fr\/wp-content\/uploads\/2023\/11\/A4-avec-fond-perdu-avec-les-2-dates-1101x1536.jpg 1101w, https:\/\/ocpleloroux.fr\/wp-content\/uploads\/2023\/11\/A4-avec-fond-perdu-avec-les-2-dates-1467x2048.jpg 1467w, https:\/\/ocpleloroux.fr\/wp-content\/uploads\/2023\/11\/A4-avec-fond-perdu-avec-les-2-dates-scaled.jpg 1834w\" sizes=\"auto, (max-width: 734px) 100vw, 734px\" \/><\/figure>\n","protected":false},"excerpt":{"rendered":"<p>Concerts \u00e0 venir : Samedi 13 D\u00e9cembre 2025 &#8211; 18h &#8211; Salle des Nou\u00eblles &#8211; Le landreau Samedi 11 avril 2026 &#8211; Conservatoire de Nantes Dimanche 10 mai 2026 Concerts pass\u00e9s : Samedi 28 juin 2025 &#8211; F\u00eate de la musique &#8211; Loroux-Bottereau Samedi 7 juin 2025 &#8211; GPN 2025 Dimanch 18 mai 2025 &#8211; <a class=\"more-link\" href=\"https:\/\/ocpleloroux.fr\/index.php\/concerts\/\">Read More &#8230;<\/a><\/p>\n","protected":false},"author":3,"featured_media":322,"parent":0,"menu_order":0,"comment_status":"closed","ping_status":"closed","template":"","meta":{"footnotes":""},"class_list":["post-145","page","type-page","status-publish","has-post-thumbnail","hentry"],"_links":{"self":[{"href":"https:\/\/ocpleloroux.fr\/index.php\/wp-json\/wp\/v2\/pages\/145","targetHints":{"allow":["GET"]}}],"collection":[{"href":"https:\/\/ocpleloroux.fr\/index.php\/wp-json\/wp\/v2\/pages"}],"about":[{"href":"https:\/\/ocpleloroux.fr\/index.php\/wp-json\/wp\/v2\/types\/page"}],"author":[{"embeddable":true,"href":"https:\/\/ocpleloroux.fr\/index.php\/wp-json\/wp\/v2\/users\/3"}],"replies":[{"embeddable":true,"href":"https:\/\/ocpleloroux.fr\/index.php\/wp-json\/wp\/v2\/comments?post=145"}],"version-history":[{"count":17,"href":"https:\/\/ocpleloroux.fr\/index.php\/wp-json\/wp\/v2\/pages\/145\/revisions"}],"predecessor-version":[{"id":321,"href":"https:\/\/ocpleloroux.fr\/index.php\/wp-json\/wp\/v2\/pages\/145\/revisions\/321"}],"wp:featuredmedia":[{"embeddable":true,"href":"https:\/\/ocpleloroux.fr\/index.php\/wp-json\/wp\/v2\/media\/322"}],"wp:attachment":[{"href":"https:\/\/ocpleloroux.fr\/index.php\/wp-json\/wp\/v2\/media?parent=145"}],"curies":[{"name":"wp","href":"https:\/\/api.w.org\/{rel}","templated":true}]}}