{"id":22,"date":"2022-10-12T19:48:06","date_gmt":"2022-10-12T17:48:06","guid":{"rendered":"https:\/\/ocpleloroux.fr\/?page_id=22"},"modified":"2023-09-27T20:09:52","modified_gmt":"2023-09-27T18:09:52","slug":"accueil","status":"publish","type":"page","link":"https:\/\/ocpleloroux.fr\/","title":{"rendered":"L&#8217;Orchestre de Cuivres et Percussions"},"content":{"rendered":"\n<figure id=\"Musique\" class=\"wp-block-audio\"><audio controls src=\"https:\/\/ocpleloroux.fr\/wp-content\/uploads\/2022\/10\/OCP_20211211_LeSablierDe100Ans.mp3\" autoplay loop><\/audio><\/figure>\n\n\n\n<p><strong>L\u2019OCP Le Loroux<\/strong> est un orchestre compos\u00e9 de cuivres naturels et de percussions. Par cuivres naturels, il faut comprendre instruments de la famille des cuivres sans syst\u00e8mes (palettes ou pistons). Les instruments qui composent cet orchestre sont principalement des instruments d\u2019ordonnance tels que les clairons, trompettes, clairons basses, trompettes basses et cors.<br>Sous l\u2019impulsion de son directeur musical, <strong>Vincent Morini\u00e8re<\/strong>, l\u2019OCP Le Loroux a entrepris une d\u00e9marche in\u00e9dite pour renouveler le r\u00e9pertoire par l\u2019enrichissement de l\u2019instrumentarium (les instruments composant l\u2019orchestre) et la cr\u00e9ation d&#8217;\u0153uvres musicales.<br>L\u2019objectif est multiple :<\/p>\n\n\n\n<ul class=\"wp-block-list\">\n<li>\u00e9largir la palette des notes, couleurs des instruments naturels;<\/li>\n\n\n\n<li>jouer de nouvelles oeuvres aux univers plus vastes;<\/li>\n\n\n\n<li>diffuser et porter un nouveau regard sur le monde des batteries-fanfares.<\/li>\n<\/ul>\n\n\n\n<p><strong>Nous r\u00e9p\u00e9tons le jeudi soir de 21h \u00e0 22h45 \u00e0 l&#8217;\u00e9cole de Musique de Divatte sur Loire. <\/strong><\/p>\n\n\n\n<figure class=\"wp-block-embed is-type-video is-provider-youtube wp-block-embed-youtube wp-embed-aspect-16-9 wp-has-aspect-ratio\"><div class=\"wp-block-embed__wrapper\">\n<iframe loading=\"lazy\" title=\"Teaser  OCP - Les M\u00e9tamorphoses du tube\" width=\"780\" height=\"439\" src=\"https:\/\/www.youtube.com\/embed\/swgry-Ca3aU?feature=oembed\" frameborder=\"0\" allow=\"accelerometer; autoplay; clipboard-write; encrypted-media; gyroscope; picture-in-picture; web-share\" allowfullscreen><\/iframe>\n<\/div><\/figure>\n\n\n\n<div class=\"wp-block-columns is-layout-flex wp-container-core-columns-is-layout-9d6595d7 wp-block-columns-is-layout-flex\" id=\"Events\">\n<div class=\"wp-block-column is-layout-flow wp-block-column-is-layout-flow\" id=\"Event\">\n\n<\/div>\n<\/div>\n\n\n\n<ul class=\"wp-block-list\">\n<li><\/li>\n<\/ul>\n","protected":false},"excerpt":{"rendered":"<p>L\u2019OCP Le Loroux est un orchestre compos\u00e9 de cuivres naturels et de percussions. Par cuivres naturels, il faut comprendre instruments de la famille des cuivres sans syst\u00e8mes (palettes ou pistons). Les instruments qui composent cet orchestre sont principalement des instruments d\u2019ordonnance tels que les clairons, trompettes, clairons basses, trompettes basses et cors.Sous l\u2019impulsion de son <a class=\"more-link\" href=\"https:\/\/ocpleloroux.fr\/\">Read More &#8230;<\/a><\/p>\n","protected":false},"author":2,"featured_media":60,"parent":0,"menu_order":0,"comment_status":"closed","ping_status":"closed","template":"","meta":{"footnotes":""},"class_list":["post-22","page","type-page","status-publish","has-post-thumbnail","hentry"],"_links":{"self":[{"href":"https:\/\/ocpleloroux.fr\/index.php\/wp-json\/wp\/v2\/pages\/22","targetHints":{"allow":["GET"]}}],"collection":[{"href":"https:\/\/ocpleloroux.fr\/index.php\/wp-json\/wp\/v2\/pages"}],"about":[{"href":"https:\/\/ocpleloroux.fr\/index.php\/wp-json\/wp\/v2\/types\/page"}],"author":[{"embeddable":true,"href":"https:\/\/ocpleloroux.fr\/index.php\/wp-json\/wp\/v2\/users\/2"}],"replies":[{"embeddable":true,"href":"https:\/\/ocpleloroux.fr\/index.php\/wp-json\/wp\/v2\/comments?post=22"}],"version-history":[{"count":27,"href":"https:\/\/ocpleloroux.fr\/index.php\/wp-json\/wp\/v2\/pages\/22\/revisions"}],"predecessor-version":[{"id":271,"href":"https:\/\/ocpleloroux.fr\/index.php\/wp-json\/wp\/v2\/pages\/22\/revisions\/271"}],"wp:featuredmedia":[{"embeddable":true,"href":"https:\/\/ocpleloroux.fr\/index.php\/wp-json\/wp\/v2\/media\/60"}],"wp:attachment":[{"href":"https:\/\/ocpleloroux.fr\/index.php\/wp-json\/wp\/v2\/media?parent=22"}],"curies":[{"name":"wp","href":"https:\/\/api.w.org\/{rel}","templated":true}]}}