{"id":36,"date":"2022-10-12T20:07:28","date_gmt":"2022-10-12T18:07:28","guid":{"rendered":"https:\/\/ocpleloroux.fr\/?page_id=36"},"modified":"2023-05-11T18:58:27","modified_gmt":"2023-05-11T16:58:27","slug":"actualites","status":"publish","type":"page","link":"https:\/\/ocpleloroux.fr\/index.php\/actualites\/","title":{"rendered":"Actualit\u00e9s"},"content":{"rendered":"\n<p><\/p>\n\n\n\n<p>Sortie de notre CD &#8220;Les M\u00e9tamorphoses du Tube&#8221;  : <\/p>\n\n\n\n<p>Les m\u00e9tamorphoses du tube est un projet culturel dans lequel la musique dialogue avec la litt\u00e9rature par la cr\u00e9ation musicale.<\/p>\n\n\n\n<p>Prix : 10\u20ac<\/p>\n\n\n\n<p>Comment commander ? \u00c9crivez nous \u00e0 : <strong><a href=\"mailto:ocpleloroux@gmail.com\">ocpleloroux@gmail.com <\/a><\/strong>  <\/p>\n\n\n\n<figure class=\"wp-block-gallery has-nested-images columns-default is-cropped wp-block-gallery-1 is-layout-flex wp-block-gallery-is-layout-flex\">\n<figure class=\"wp-block-image size-large\"><img loading=\"lazy\" decoding=\"async\" width=\"1024\" height=\"628\" data-id=\"168\" src=\"https:\/\/ocpleloroux.fr\/wp-content\/uploads\/2023\/02\/cd-deplier-1024x628.png\" alt=\"\" class=\"wp-image-168\" srcset=\"https:\/\/ocpleloroux.fr\/wp-content\/uploads\/2023\/02\/cd-deplier-1024x628.png 1024w, https:\/\/ocpleloroux.fr\/wp-content\/uploads\/2023\/02\/cd-deplier-300x184.png 300w, https:\/\/ocpleloroux.fr\/wp-content\/uploads\/2023\/02\/cd-deplier-768x471.png 768w, https:\/\/ocpleloroux.fr\/wp-content\/uploads\/2023\/02\/cd-deplier-1536x941.png 1536w, https:\/\/ocpleloroux.fr\/wp-content\/uploads\/2023\/02\/cd-deplier.png 1640w\" sizes=\"auto, (max-width: 1024px) 100vw, 1024px\" \/><\/figure>\n\n\n\n<figure class=\"wp-block-image size-large\"><img loading=\"lazy\" decoding=\"async\" width=\"1024\" height=\"870\" data-id=\"170\" src=\"https:\/\/ocpleloroux.fr\/wp-content\/uploads\/2023\/02\/pochette-CD-1-1024x870.jpg\" alt=\"\" class=\"wp-image-170\" srcset=\"https:\/\/ocpleloroux.fr\/wp-content\/uploads\/2023\/02\/pochette-CD-1-1024x870.jpg 1024w, https:\/\/ocpleloroux.fr\/wp-content\/uploads\/2023\/02\/pochette-CD-1-300x255.jpg 300w, https:\/\/ocpleloroux.fr\/wp-content\/uploads\/2023\/02\/pochette-CD-1-768x652.jpg 768w, https:\/\/ocpleloroux.fr\/wp-content\/uploads\/2023\/02\/pochette-CD-1-1536x1305.jpg 1536w, https:\/\/ocpleloroux.fr\/wp-content\/uploads\/2023\/02\/pochette-CD-1.jpg 1780w\" sizes=\"auto, (max-width: 1024px) 100vw, 1024px\" \/><\/figure>\n\n\n\n<figure class=\"wp-block-image size-large\"><img loading=\"lazy\" decoding=\"async\" width=\"1024\" height=\"913\" data-id=\"169\" src=\"https:\/\/ocpleloroux.fr\/wp-content\/uploads\/2023\/02\/recto-1024x913.jpg\" alt=\"\" class=\"wp-image-169\" srcset=\"https:\/\/ocpleloroux.fr\/wp-content\/uploads\/2023\/02\/recto-1024x913.jpg 1024w, https:\/\/ocpleloroux.fr\/wp-content\/uploads\/2023\/02\/recto-300x267.jpg 300w, https:\/\/ocpleloroux.fr\/wp-content\/uploads\/2023\/02\/recto-768x685.jpg 768w, https:\/\/ocpleloroux.fr\/wp-content\/uploads\/2023\/02\/recto-1536x1370.jpg 1536w, https:\/\/ocpleloroux.fr\/wp-content\/uploads\/2023\/02\/recto.jpg 1661w\" sizes=\"auto, (max-width: 1024px) 100vw, 1024px\" \/><\/figure>\n<\/figure>\n\n\n\n<figure class=\"wp-block-embed is-type-video is-provider-youtube wp-block-embed-youtube wp-embed-aspect-16-9 wp-has-aspect-ratio\"><div class=\"wp-block-embed__wrapper\">\n<iframe loading=\"lazy\" title=\"Teaser  OCP - Les M\u00e9tamorphoses du tube\" width=\"780\" height=\"439\" src=\"https:\/\/www.youtube.com\/embed\/swgry-Ca3aU?feature=oembed\" frameborder=\"0\" allow=\"accelerometer; autoplay; clipboard-write; encrypted-media; gyroscope; picture-in-picture; web-share\" allowfullscreen><\/iframe>\n<\/div><\/figure>\n","protected":false},"excerpt":{"rendered":"<p>Sortie de notre CD &#8220;Les M\u00e9tamorphoses du Tube&#8221; : Les m\u00e9tamorphoses du tube est un projet culturel dans lequel la musique dialogue avec la litt\u00e9rature par la cr\u00e9ation musicale. Prix : 10\u20ac Comment commander ? \u00c9crivez nous \u00e0 : ocpleloroux@gmail.com<\/p>\n","protected":false},"author":2,"featured_media":269,"parent":0,"menu_order":0,"comment_status":"closed","ping_status":"closed","template":"","meta":{"footnotes":""},"class_list":["post-36","page","type-page","status-publish","has-post-thumbnail","hentry"],"_links":{"self":[{"href":"https:\/\/ocpleloroux.fr\/index.php\/wp-json\/wp\/v2\/pages\/36","targetHints":{"allow":["GET"]}}],"collection":[{"href":"https:\/\/ocpleloroux.fr\/index.php\/wp-json\/wp\/v2\/pages"}],"about":[{"href":"https:\/\/ocpleloroux.fr\/index.php\/wp-json\/wp\/v2\/types\/page"}],"author":[{"embeddable":true,"href":"https:\/\/ocpleloroux.fr\/index.php\/wp-json\/wp\/v2\/users\/2"}],"replies":[{"embeddable":true,"href":"https:\/\/ocpleloroux.fr\/index.php\/wp-json\/wp\/v2\/comments?post=36"}],"version-history":[{"count":5,"href":"https:\/\/ocpleloroux.fr\/index.php\/wp-json\/wp\/v2\/pages\/36\/revisions"}],"predecessor-version":[{"id":238,"href":"https:\/\/ocpleloroux.fr\/index.php\/wp-json\/wp\/v2\/pages\/36\/revisions\/238"}],"wp:featuredmedia":[{"embeddable":true,"href":"https:\/\/ocpleloroux.fr\/index.php\/wp-json\/wp\/v2\/media\/269"}],"wp:attachment":[{"href":"https:\/\/ocpleloroux.fr\/index.php\/wp-json\/wp\/v2\/media?parent=36"}],"curies":[{"name":"wp","href":"https:\/\/api.w.org\/{rel}","templated":true}]}}